{"id":2,"date":"2019-09-24T20:11:53","date_gmt":"2019-09-24T20:11:53","guid":{"rendered":"https:\/\/box5167\/cgi\/addon_GT.cgi?s=GT::WP::Install::EIG+%28hotvira1%29+-+10.0.87.67+%5BWordPress%3b+\/var\/hp\/common\/lib\/WordPress.pm%3b+253%3b+Hosting::gap_call%5D\/?page_id=2"},"modified":"2024-01-12T17:27:20","modified_gmt":"2024-01-12T17:27:20","slug":"en","status":"publish","type":"page","link":"https:\/\/www.iptivi-subscription.com\/service\/en\/","title":{"rendered":"IPTIVI Subscription \u21d2 IPTV SERVER | CAN 2024 | FREE IPTV TRIAL | Best IPTV PROVIDER"},"content":{"rendered":"\r\nIPTV Subscription &#8211; Abonnement IPTV\r\n<h2>IPTV<\/h2>\r\n<p><strong><\/strong> (stands for <strong>Internet Protocol television<\/strong>) is a form of multimedia content, video, or television broadcasting through an internet connection that enables you to choose the program or the channel you want to watch anywhere in the world. <strong><a href=\"https:\/\/www.iptivi-subscription.com\/service\/shop\/\">IPTV service<\/a><\/strong> can be streamed on a smart TV, Smartphones as well as tablets and laptops or any other <strong>Android<\/strong> and <strong>iOS<\/strong> device. <strong>IPTV<\/strong> uses <strong>VoD<\/strong> (Video on demand) or Time-Shifted media (Allows subscribers to record live programs so they can watch them later). <strong><a href=\"https:\/\/www.iptivi-subscription.com\/service\">IPTV<\/a><\/strong> is like browsing the internet than traditional channel surfing.<\/p>\r\n<p><\/p>\r\n<img decoding=\"async\" src=\"https:\/\/www.iptivi-subscription.com\/wp-content\/uploads\/2020\/08\/IPTVPub.com-Best-Provider-IPTV-2020.jpg\" alt=\"Abonnement IPTV subscription Service - IPTIVI-Subscription.com\/service Partners with IPTVPub.com as a provider\/Reseller\" title=\"This image is by IPTIVI-Subscription.com, The best IPTV subscription provider and Live TV service in France, USA, UK, Spain, Africa, Arab, and Worldwide\">\r\n<p><\/p>\r\n<blockquote class=\"is-layout-flow wp-block-quote-is-layout-flow\">\r\n<p>The quality of the video depends on the speed of the connection; the full HD channels need a speed of about 7Mbps, the HD channels need 4 Mbps and the SD channels need 3 Mbps. We recommend an internet connection of at least 5 Mbps to enjoy a smooth experience without any disruptions.<br \/>Subscribe to our <a href=\"https:\/\/www.iptivi-subscription.com\/service\/free-iptv-trial-subscription\/\">free trial<\/a> to check out our service and a large playlist of high quality <strong>IPTIVI subscription<\/strong> channels will be supplied to you, with no buffering and no Credit Card needed.<\/p>\r\n<\/blockquote>\r\n<h2>Our IPTV Service Packages | <strong>IPTV Subscription<\/strong> Plans<\/h2>\r\n<p><\/p>\r\n<p>We, as an <a href=\"https:\/\/www.iptivi-subscription.com\/service\/abonnements-iptv\/\"><strong>IPTV Provider<\/strong><\/a>, provide our service in many countries such as the <strong>USA<\/strong>, <a href=\"https:\/\/www.iptivi-subscription.com\/service\/shop\/6-months-best-iptv-provider\/\"><strong>France<\/strong><\/a>, Belgium, Switzerland, Portugal, Italy, Germany, Netherland, Arabic countries, the UK, Latino countries, Turkey, <strong><a href=\"https:\/\/www.iptivi-subscription.com\/service\/shop\/12-months-iptv-subscription\/\">Canada<\/a><\/strong>, Australia, Africa, India\u2026<br \/><strong>IPTV M3u<\/strong> is a format that helps you create a playlist of <a href=\"https:\/\/www.iptivi-subscription.com\/service\/what-is-iptv-quoi\/\"><strong>IPTV links<\/strong><\/a> for easy access on almost all platforms. (<a href=\"https:\/\/www.iptivi-subscription.com\/service\/\"><strong>M3u<\/strong><\/a> is compatible with <strong>smart TV<\/strong>, PC, <strong>Android BOX,<\/strong> and <strong>MAG Box<\/strong>).<\/p>\r\nIPTV Subscription &#8211; Abonnement IPTV\r\n<h2>Abonnement IPTV &#8211; Fournisseur IPTV France Sport VODs<\/h2>\r\n<p>(signifie Internet Protocol Television) est une forme de contenu multim\u00e9dia, de diffusion vid\u00e9o ou t\u00e9l\u00e9vis\u00e9e via une connexion Internet qui vous permet de choisir le programme ou la cha\u00eene que vous souhaitez regarder n&#8217;importe o\u00f9 dans le monde. Le <a href=\"https:\/\/www.foriptv.com\/s\/\" rel=\"dofollow noopener\" target=\"_blank\"><\/a><\/p>\r\n<h3>service IPTV fournisseur<\/h3>\r\n<p><a href=\"https:\/\/www.iptvpub.com\/i\/\" rel=\"dofollow noopener\" target=\"_blank\"><\/a>peut \u00eatre diffus\u00e9 sur un t\u00e9l\u00e9viseur intelligent, des smartphones, des tablettes et des ordinateurs portables ou tout autre appareil Android et iOS. IPTV utilise la VoD (vid\u00e9o \u00e0 la demande) ou les m\u00e9dias d\u00e9cal\u00e9s dans le temps (permet aux abonn\u00e9s d&#8217;enregistrer des programmes en direct afin qu&#8217;ils puissent les regarder plus tard). IPTV, c&#8217;est comme naviguer sur Internet que surfer sur les cha\u00eenes traditionnelles.<\/p>\r\n<p>La qualit\u00e9 de la vid\u00e9o d\u00e9pend de la vitesse de la connexion; les canaux Full HD ont besoin d&#8217;une vitesse d&#8217;environ 7 Mbps, les canaux HD ont besoin de 4 Mbps et les canaux SD ont besoin de 3 Mbps. Nous recommandons une connexion Internet d&#8217;au moins 5 Mbps pour profiter d&#8217;une exp\u00e9rience fluide sans aucune interruption.<\/p>\r\n<p><br \/>Abonnez-vous \u00e0 notre essai gratuit pour d\u00e9couvrir notre service et une grande liste de lecture de cha\u00eenes d&#8217; abonnement IP TV de haute qualit\u00e9 vous sera fournie, sans mise en m\u00e9moire tampon et sans carte de cr\u00e9dit.<\/p>\r\n<p>Nos forfaits de services IPTV | Plans d&#8217; abonnement IPTV<\/p>\r\n<p>En tant que fournisseur IPTV, nous fournissons notre service dans de nombreux pays tels que les \u00c9tats-Unis, la France, la Belgique, la Suisse, le Portugal, l&#8217;Italie, l&#8217;Allemagne, les Pays-Bas, les pays arabes, le Royaume-Uni, les pays Latino, la Turquie, le Canada, l&#8217;Australie, l&#8217;Afrique, l&#8217;Inde &#8230;<br \/>IPTV M3u est un format qui vous aide \u00e0 cr\u00e9er une liste de lecture de liens IPTV pour un acc\u00e8s facile sur presque toutes les plates-formes. (M3u est compatible avec Smart TV, PC, Android BOX et MAG Box).<\/p>\r\n<p><\/p>\r\n<p>IPTIVI Subscription is an IPTV Subscription Provider: which is a set of tools that allows you to access different multimedia application and interactive services such as live HDTV, radio, camera \/ DVD, messaging, EPG (Electronic Program Guide), VOD \/ MOD (Video On Demand \/ Music On Demand), RSS, &#8230; Among these applications &amp; tools you will have Smart IPTV, M3U, MAG, Android IPTV, High quality stuffs thanks to the power of our servers. We have over 3000 channels beside of VOD, SD, HD and full HD (LATEST FILMS AND SERIES A DAY), our priority is the performance of our server IPTV to serve you better. We have the best offers, buy low cost &amp; cheap premium iptv service after <a href=\"https:\/\/www.iptivi-subscription.com\/service\/shop\/\">xtream-codes<\/a> shutown. <b><a href=\"https:\/\/www.iptivi-subscription.com\/Service\">Abonnement IPTV<\/a><\/b><b>Great IPTV Subscription Service Provider<\/b> We assure you will receive your channels playlist in very high quality of image which will also allow you to ensure the good conditioning during a viewing of your favorite matches and events, in addition to the videos on demand in HD or Full HD. Thanks to the Smart IPTV application on (smart tv) \/\/ The activation of your subscription is quite simple &amp; remotely with no need of an intervention on your part or technical knowledge, we also suggest some Android application under the name of IPTV Smarters &amp; GSE Smart IPTV which works with a username and password.<\/p>\r\n\t\t\t<h2><a href=\"https:\/\/www.iptivi-subscription.com\/service\/essai-gratuit-iptv-test\/\">Want to test? Get an <b>IPTV Trial<\/b> (FREE)<\/a><\/h2>\t\t\r\n\t\t\t<a href=\"https:\/\/www.iptivi-subscription.com\/service\/free-iptv-trial-subscription\/\" role=\"button\">\r\n\t\t\t\t\t\tGet IPTV Trial &#8211; No Credit Card Required\r\n\t\t\t\t\t<\/a>\r\n\t\t\t<a href=\"https:\/\/www.iptivi-subscription.com\/service\/shop\" role=\"button\">\r\n\t\t\t\t\t\tBuy Now!\r\n\t\t\t\t\t<\/a>\r\n\t\t\t\t\t\t\t\t\t\t\t\t\t<a href=\"https:\/\/www.iptivi-subscription.com\/service\/shop\/12-months-iptv-subscription\/\">\r\n\t\t\t\t\t\t\t<img decoding=\"async\" width=\"150\" height=\"150\" src=\"https:\/\/www.iptivi-subscription.com\/wp-content\/uploads\/2020\/08\/television-iptv-subscription-abonnement-icon-150x150.png\" alt=\"television---iptv-subscription---abonnement---icon\" loading=\"lazy\" title=\"This image is by IPTIVI-Subscription.com, The best IPTV subscription provider and Live TV service in France, USA, UK, Spain, Africa, Arab, and Worldwide\">\t\t\t\t\t\t\t\t<\/a>\r\n\t\t\t<h2>Smart TV<\/h2>\t\t\r\n\t\t<p style=\"text-align: center\">Watch your favorite channels on your TV<\/p>\t\t\r\n\t\t\t\t\t\t\t\t\t\t\t\t\t<a href=\"https:\/\/www.iptivi-subscription.com\/service\/shop\/1-month-iptv-service-subscription\/\">\r\n\t\t\t\t\t\t\t<img decoding=\"async\" width=\"150\" height=\"150\" src=\"https:\/\/www.iptivi-subscription.com\/wp-content\/uploads\/2020\/08\/computer-ip-tv-subscription-abonnement-icon-150x150.png\" alt=\"computer---ip-tv-subscription---abonnement---icon\" loading=\"lazy\" title=\"This image is by IPTIVI-Subscription.com, The best IPTV subscription provider and Live TV service in France, USA, UK, Spain, Africa, Arab, and Worldwide\">\t\t\t\t\t\t\t\t<\/a>\r\n\t\t\t<h2>Computer\/Mac<\/h2>\t\t\r\n\t\t<p style=\"text-align: center\">Enjoy our channel packages also on your computer<\/p>\t\t\r\n\t\t\t\t\t\t\t\t\t\t\t\t\t<a href=\"https:\/\/www.iptivi-subscription.com\/service\/shop\/3-months-iptv-provider-subscription\/\">\r\n\t\t\t\t\t\t\t<img decoding=\"async\" width=\"150\" height=\"150\" src=\"https:\/\/www.iptivi-subscription.com\/wp-content\/uploads\/2020\/08\/smartphone-iptv-subscription-abonnement-icon-150x150.png\" alt=\"smartphone---iptv-subscription---abonnement---icon\" loading=\"lazy\" title=\"This image is by IPTIVI-Subscription.com, The best IPTV subscription provider and Live TV service in France, USA, UK, Spain, Africa, Arab, and Worldwide\">\t\t\t\t\t\t\t\t<\/a>\r\n\t\t\t<h2>Smartphones<\/h2>\t\t\r\n\t\t<p style=\"text-align: center\">Are you in the metro? Don&#8217;t miss out on what&#8217;s on TV!<\/p>\t\t\r\n\t\t\t\t\t\t\t\t\t\t\t\t\t<a href=\"https:\/\/www.iptivi-subscription.com\/service\/shop\/6-months-best-iptv-provider\/\">\r\n\t\t\t\t\t\t\t<img decoding=\"async\" width=\"150\" height=\"150\" src=\"https:\/\/www.iptivi-subscription.com\/wp-content\/uploads\/2020\/08\/Mag-box-android-box-subscription-tv-abonnement-france-worldwide-150x150.png\" alt=\"Mag-box---android-box-subscription-tv-abonnement-france-worldwide\" loading=\"lazy\" title=\"This image is by IPTIVI-Subscription.com, The best IPTV subscription provider and Live TV service in France, USA, UK, Spain, Africa, Arab, and Worldwide\">\t\t\t\t\t\t\t\t<\/a>\r\n\t\t\t<h2>MAG\/Android Box..<\/h2>\t\t\r\n\t\t<p style=\"text-align: center\">Our subscription offers are compatible with all boxes!<\/p>\t\t\r\n\t\t\t\t\t\t\t\t\t\t\t\t<a href=\"\">IPTV, How does it work?<\/a>\r\n\t\t\t\t\t<p>IPTV is a service that allows you to watch television via an ADSL, Fiber, or 4G broadband connection. <a href=\"https:\/\/www.iptvfr.shop\" style=\"color: #ffffff\" rel=\"nofollow noopener\" target=\"_blank\">IPTV<\/a> does not need Cable or satellite, a simple internet connection is enough or even 4G coverage.<\/p>\r\n<p>So you can benefit from our <a href=\"https:\/\/www.iptvpub.com\/i\/\" rel=\"nofollow noopener\" target=\"_blank\">IPTV <\/a>service on any device: Smartphone &#8211; Tablet &#8211; Samsung Smart TV &#8211; LG Smart TV &#8230;<\/p>\r\n<p>Our Services are not geolocated, so you can use them anywhere in the world.<\/p>\r\n\t\t\t\t\t\t\t\t\t\t\t\t<a href=\"\">What&#8217;s the required Internet speed to use the IPTV service?<\/a>\r\n\t\t\t\t\t<p>The speed differs depending on the quality of the video. For <a href=\"https:\/\/www.foriptv.com\/s\/\" style=\"color: #ffffff\" rel=\"nofollow noopener\" target=\"_blank\">HD IPTV Channels<\/a> the minimum recommended is 6 Mbps, for SD quality the minimum is 3-4 Mbps.<\/p>\r\n\t\t\t\t\t\t\t\t\t\t\t\t<a href=\"\">Can I watch IPTV Channels on Apple or Android Smartphone?<\/a>\r\n\t\t\t\t\t<p>Yes, IPTIVI-Subscription.com\u00a0<a href=\"https:\/\/www.iptv-subscription.me\" target=\"_blank\" rel=\"noopener nofollow\">IPTV Servers<\/a>\u00a0are compatible with any Android phone, tablet, or television device via several Android applications including &#8220;<a href=\"https:\/\/www.iptivi-subscription.com\/service\/iptv-sub-gse-smart-iptv-how\/\">GSE IPTV<\/a>,\u00a0<a href=\"https:\/\/www.iptivi-subscription.com\/service\/shop\/\" target=\"_blank\" rel=\"noopener\"><b>IPTV Smarters<\/b><\/a>, KODI, Duplex Play&#8230;&#8221;. All you have to do is install it and enter the IP address, LOGIN, and PASSWORD settings that will be sent to you when ordering our <a href=\"https:\/\/www.iptivi-subscription.com\/service\/\" target=\"_blank\" rel=\"noopener\">IPTV Subscription<\/a>.<\/p>\r\n\t\t\t\t\t\t\t\t\t\t\t\t<a href=\"\">Will it work where I live?<\/a>\r\n\t\t\t\t\t<p>Our <a href=\"https:\/\/www.iptvpub.com\/i\/\" rel=\"nofollow noopener\" target=\"_blank\"><strong>IPTV Service<\/strong><\/a> only requires an internet connection to function, whether in <a href=\"https:\/\/www.iptvfr.shop\" rel=\"nofollow noopener\" target=\"_blank\">IPTV <strong>France<\/strong><\/a>, Belgium, Switzerland, <strong>Canada<\/strong>, Morocco, Algeria, Tunisia, EUROPE, <strong>USA<\/strong>, Africa, UAE, Gabon, <strong>South-Africa<\/strong> &#8230; and anywhere in the world.<\/p>\r\n\t\t\t\t\t\t\t\t\t\t\t\t<a href=\"\">How to Order?<\/a>\r\n\t\t\t\t\t<p>The procedure is very simple, just go to the page: <strong><a href=\"https:\/\/www.iptivi-subscription.com\/shop\/\">BUY <\/a><a href=\"https:\/\/www.iptivi-subscription.com\/service\/shop\/\">IPTV <\/a><a href=\"https:\/\/www.iptivi-subscription.com\/service\/shop\/\">SUBSCRIPTION<\/a><\/strong> and click on the &#8220;Order&#8221; button, you will be redirected to a page to complete your order and pay by credit card or <a href=\"https:\/\/www.iptivi-subscription.com\/service\/abonnements-iptv\">Paypal<\/a>. Otherwise, you can just contact us via <strong>Telegram (Blue button down\/right).\u00a0<\/strong><\/p>\r\n\t\t\t\t\t\t\t\t\t\t\t\t<a href=\"\">Are there any additional costs\/Hidden fees to pay?<\/a>\r\n\t\t\t\t\t<p>No fees will be required during the period of your subscription, you will fully enjoy the best <a href=\"https:\/\/www.iptv-france.me\" rel=\"nofollow noopener\" target=\"_blank\">IPTV<\/a> channels directly on your <a href=\"https:\/\/www.iptv-abonnement.me\" rel=\"nofollow noopener\" target=\"_blank\">Smart IPTV<\/a>, Computer, Smartphone, Android Box, <a href=\"https:\/\/www.iptivi-subscription.com\/service\/shop\/12-months-iptv-subscription\/\"><strong>Mag Box<\/strong><\/a>&#8230;<\/p>\r\n\t\t\t<h3>IPTV Subscription &#8211; ALL Pack<\/h3>\t\t\r\n\t\t<ul>\r\n<li><strong>+12000 Full HD \/ HD \/ SD \/ 4K channels &#8211; VODS<\/strong>, movies and series up to date on demand.<\/li>\r\n<li>Channels: EUROPE 1 + EUROPE 2 + ARABIC + AMERICA + AFRICA + ASIA + VOD: FR &#8211; EN &#8211; AR + SERIES: FR + EN + AR<\/li>\r\n<li>Description of the package:\u00a0 <br \/>\u221a <strong>EUROPE 1<\/strong> : <a href=\"https:\/\/www.iptv-abonnement.me\" rel=\"nofollow noopener\" target=\"_blank\">IPTV FRANCE<\/a> &#8211; UNITED KINGDOM &#8211; BELGIUM &#8211; SWITZERLAND &#8211; SPAIN &#8211; ITALIA &#8211; GERMANY &#8211; PORTUGAL &#8211; NETHERLANDS &#8211; TURKEY<br \/>\u221a <strong>EUROPE 2<\/strong> : ALBANIA &#8211; GREECE &#8211; POLAND &#8211; UKRAINE &#8211; NORWAY &#8211; SLOVENIA &#8211; SWEDEN &#8211; ROMANIA &#8211; HUNGARY &#8211; DENMARK &#8211; ESTONIA &#8211; BULGARIA &#8211; AUSTRIA &#8211; ARMENIA<br \/>\u221a <strong>ARABIC<\/strong> : BEIN SPORT &#8211; MBC &#8211; OSN &#8211; ART &#8211; AD SPORT &#8211; ROTANA &#8211; ISLAMIC &#8211; NEWS &#8211; ATFAL &#8211; MAROC &#8211; ALGERIA &#8211; TUNISIA &#8211; EGYPT &#8211; UAE &#8211; SAUDI ARABIA &#8211; LEBANON &#8211; SYRIA &#8211; IRAQ &#8211; LIBYA &#8211; PALESTINE &#8211; YEMEN &#8211; IRAN &#8211; ARABIC +PLUS+<br \/>\u221a <strong>AFRICA<\/strong> : SENEGAL &#8211; MALI &#8211; TRACE MUSIC &#8211; BBLACK TV &#8211; CONGO &#8211; CAMEROUN &#8211; GHANA TVL &#8211; NIGERIA &#8211; TOGO &#8211; KENYA &#8211; SOUDAN &#8211; SOMALIA &#8211; HADI TV &#8211; ETOPIA &#8211; MOZAMBIC &#8211; AFRICA TV +PLUS+<br \/>\u221a <strong>AMERICA<\/strong> : <a href=\"https:\/\/www.iptivi-subscription.com\/service\/shop\/3-months-iptv-provider-subscription\/\">USA &#8211; CANADA <\/a>&#8211; LATINO &#8211; Brazil<br \/>\u221a <strong>ASIA<\/strong> : EX-YOUGHOSLAVIA &#8211; RUSSIA &#8211; INDIA &#8211; PAKISTAN &#8211; CHINA &#8211; JAPON &#8211; KOREA &#8211; MALTA &#8211; AFGHANISTAN &#8211; VIETNAM &#8211; THAILAND &#8211; MALAYSIA &#8211; KURDISTAN &#8211; INDONESIA &#8211; BANGLADESH &#8211; IRAN &#8211; ISRAEL\u00a0<\/li>\r\n<li><strong>High-performance stable &amp; reliable servers<\/strong>, no outages (load balancing)<\/li>\r\n<li>Compatible with: Smart TV, Android \/ iOS, Mag Box, PC and any m3u support<\/li>\r\n<li>24\/7 support and assistance<\/li>\r\n<li><a href=\"https:\/\/www.iptivi-subscription.com\/service\/free-iptv-trial-subscription\/\">24h Trial<\/a><\/li>\r\n<li><strong>EPG &amp; Logos<\/strong> automatically included<\/li>\r\n<li>Adult content is not available.<\/li>\r\n<\/ul>\t\t\r\n\t\t\t<a href=\"https:\/\/www.iptivi-subscription.com\/service\/shop\/\" role=\"button\">\r\n\t\t\t\t\t\tI WANT TO SUBSCRIBE\r\n\t\t\t\t\t<\/a>\r\n\t\t\t<h3>IPTV Subscription &#8211; VIP Pack<\/h3>\t\t\r\n\t\t\t<h4><br>Best Selling: Special for Smart IPTV \/ TV<\/h4>\t\t\r\n\t\t<ul>\r\n<li><strong>+12000 Full HD \/ HD \/ SD \/ 4K channels &#8211; VODS<\/strong>, movies and series up to date on demand.<\/li>\r\n<li>Channels: EUROPE 1 + ARABIC + AMERICA + AFRICA + VOD: FR &#8211; EN &#8211; AR + SERIES: FR + EN + AR<\/li>\r\n<li>Description of the package:\u00a0 <br \/>\u221a <strong>EUROPE 1<\/strong> : <a href=\"https:\/\/www.iptv-france.me\" rel=\"nofollow noopener\" target=\"_blank\">FRANCE IPTV<\/a> &#8211; UNITED KINGDOM &#8211; BELGIUM &#8211; SWITZERLAND &#8211; SPAIN &#8211; ITALIA &#8211; GERMANY &#8211; PORTUGAL &#8211; NETHERLANDS &#8211; TURKEY<br \/>\u221a <strong>ARABIC<\/strong> : BEIN SPORT &#8211; MBC &#8211; OSN &#8211; ART &#8211; AD SPORT &#8211; ROTANA &#8211; ISLAMIC &#8211; NEWS &#8211; ATFAL &#8211; MAROC &#8211; ALGERIA &#8211; TUNISIA &#8211; EGYPT &#8211; UAE &#8211; SAUDI ARABIA &#8211; LEBANON &#8211; SYRIA &#8211; IRAQ &#8211; LIBYA &#8211; PALESTINE &#8211; YEMEN &#8211; IRAN &#8211; ARABIC +PLUS+<br \/>\u221a <strong>AFRICA<\/strong> : SENEGAL &#8211; MALI &#8211; TRACE MUSIC &#8211; BBLACK TV &#8211; CONGO &#8211; CAMEROUN &#8211; GHANA TVL &#8211; NIGERIA &#8211; TOGO &#8211; KENYA &#8211; SOUDAN &#8211; SOMALIA &#8211; HADI TV &#8211; ETOPIA &#8211; MOZAMBIC &#8211; AFRICA TV +PLUS+<br \/>\u221a <strong>AMERICA<\/strong> : USA &#8211; CANADA &#8211; LATINO &#8211; BrazilHigh-performance stable &amp; reliable servers, no outages (load balancing)<br \/><\/li>\r\n<li>Compatible with: Smart TV, Android \/ iOS, <a href=\"https:\/\/www.iptivi-subscription.com\/service\/iptv-on-mag-box-tutorial\/\">Mag Box<\/a>, and PC and any m3u support<\/li>\r\n<li>24\/7 support and assistance<\/li>\r\n<li>24h Trial<\/li>\r\n<li><strong><a href=\"https:\/\/www.iptivi-subscription.com\/service\/essai-gratuit-iptv-test\/\">EPG<\/a> &amp; Logos<\/strong> automatically included<\/li>\r\n<li>Adult content is not available.<\/li>\r\n<\/ul>\t\t\r\n\t\t\t<a href=\"https:\/\/www.iptivi-subscription.com\/service\/shop\/12-months-iptv-subscription-provider-service\/\" role=\"button\">\r\n\t\t\t\t\t\tI WANT TO SUBSCRIBE\r\n\t\t\t\t\t<\/a>","protected":false},"excerpt":{"rendered":"<p>IPTV Subscription &#8211; Abonnement IPTV IPTV (stands for Internet Protocol television) is a form of multimedia content, video, or television broadcasting through an internet connection that enables you to choose the program or the channel you want to watch anywhere in the world. IPTV service can be streamed on a smart TV, Smartphones as well [&hellip;]<\/p>\n","protected":false},"author":1,"featured_media":21,"parent":0,"menu_order":0,"comment_status":"closed","ping_status":"closed","template":"","meta":{"_et_pb_use_builder":"","_et_pb_old_content":"","_et_gb_content_width":"","_monsterinsights_skip_tracking":false,"_monsterinsights_sitenote_active":false,"_monsterinsights_sitenote_note":"","_monsterinsights_sitenote_category":0,"footnotes":""},"class_list":["post-2","page","type-page","status-publish","has-post-thumbnail","hentry"],"_links":{"self":[{"href":"https:\/\/www.iptivi-subscription.com\/service\/wp-json\/wp\/v2\/pages\/2","targetHints":{"allow":["GET"]}}],"collection":[{"href":"https:\/\/www.iptivi-subscription.com\/service\/wp-json\/wp\/v2\/pages"}],"about":[{"href":"https:\/\/www.iptivi-subscription.com\/service\/wp-json\/wp\/v2\/types\/page"}],"author":[{"embeddable":true,"href":"https:\/\/www.iptivi-subscription.com\/service\/wp-json\/wp\/v2\/users\/1"}],"replies":[{"embeddable":true,"href":"https:\/\/www.iptivi-subscription.com\/service\/wp-json\/wp\/v2\/comments?post=2"}],"version-history":[{"count":96,"href":"https:\/\/www.iptivi-subscription.com\/service\/wp-json\/wp\/v2\/pages\/2\/revisions"}],"predecessor-version":[{"id":2519,"href":"https:\/\/www.iptivi-subscription.com\/service\/wp-json\/wp\/v2\/pages\/2\/revisions\/2519"}],"wp:featuredmedia":[{"embeddable":true,"href":"https:\/\/www.iptivi-subscription.com\/service\/wp-json\/wp\/v2\/media\/21"}],"wp:attachment":[{"href":"https:\/\/www.iptivi-subscription.com\/service\/wp-json\/wp\/v2\/media?parent=2"}],"curies":[{"name":"wp","href":"https:\/\/api.w.org\/{rel}","templated":true}]}}