{"id":31,"date":"2019-09-25T18:37:24","date_gmt":"2019-09-25T18:37:24","guid":{"rendered":"http:\/\/iptivi-subscription.com\/?post_type=product&#038;p=31"},"modified":"2026-04-02T15:59:11","modified_gmt":"2026-04-02T15:59:11","slug":"12-months-iptv-subscription-provider-service","status":"publish","type":"product","link":"https:\/\/www.iptivi-subscription.com\/service\/shop\/12-months-iptv-subscription-provider-service\/","title":{"rendered":"12 Months &#8211; IPTV Subscription"},"content":{"rendered":"<h2><span style=\"text-decoration: underline; font-size: 28pt; color: #000000; font-family: tahoma, arial, helvetica, sans-serif;\">12 Months &#8211; IPTV Subscription<\/span><\/h2>\n<p><span style=\"color: #000000; font-family: tahoma, arial, helvetica, sans-serif;\"><strong>IPTV Subscription Provider<\/strong> &#8211; We all want to enjoy an outstanding experience with <a style=\"color: #000000;\" href=\"https:\/\/www.iptivi-subscription.com\/service\/\">LIVE TV<\/a> streaming, and that&#8217;s why we offer an extremely good high-quality <strong>IPTV Service<\/strong>.<\/span><\/p>\n<p><span style=\"color: #000000; font-family: tahoma, arial, helvetica, sans-serif;\">Using our service you&#8217;ll be able to watch your favorite shows, channels, programs, Documentaries, TV Shows, Series, Movies&#8230; We do provide almost over 11500 Channels and over 30K Movies\/series; Staying at home was never that fun, Ha!<\/span><\/p>\n<p><span style=\"color: #000000; font-family: tahoma, arial, helvetica, sans-serif;\">Our service is provided in many countries such as <span style=\"text-decoration: underline;\"><strong>USA, France, Belgium, Switzerland, Portugal, Italy, Germany, <a style=\"color: #000000; text-decoration: underline;\" href=\"https:\/\/www.foriptv.com\/s\/product\/samrt-tv-12-months-iptv-subscription-2020\/\" rel=\"dofollow noopener\" target=\"_blank\">Netherland<\/a>, Arabic countries, UK, Latino countries, Turkey, Canada, Australia, Africa, India\u2026<\/strong><\/span><\/span><br \/>\n<span style=\"color: #000000; font-family: tahoma, arial, helvetica, sans-serif;\"><a style=\"color: #000000;\" href=\"https:\/\/www.iptivi-subscription.com\/service\/how-to-setup-iptv-extreme\/\">IPTV M3u<\/a> is a format that helps you create a playlist of <strong>IPTV links<\/strong> for easy access on almost all platforms. (M3u is compatible with <a style=\"color: #000000;\" href=\"https:\/\/iptvfr.shop\/boutique\/abonnement-iptv-12-mois\/\" rel=\"nofollow noopener\" target=\"_blank\">Smart TV<\/a>, PC, Android Box, and all Android\/Apple apps).<\/span><\/p>\n<p><span style=\"color: #000000; font-family: tahoma, arial, helvetica, sans-serif;\"><img loading=\"lazy\" decoding=\"async\" class=\"aligncenter wp-image-989\" src=\"https:\/\/www.iptivi-subscription.com\/wp-content\/uploads\/2020\/08\/Int\u0435r\u0430\u0441tiv\u0435-TV-S\u0435rvi\u0441\u0435\u0455-for-IPTV-1-1024x473.jpg\" alt=\"IPTV Subscription Provider - France, USA, United Kingdom, Europe, Spain, Netherlands, Italy, Denmark, Sweden, Ukraine, Russia, United Emirates, UAE, Africa, Gabon, Senegal...Best IPTV Supplier Worldwide\" width=\"750\" height=\"346\" title=\"This image is by IPTIVI-Subscription.com, The best IPTV subscription provider and Live TV service in France, USA, UK, Spain, Africa, Arab, and Worldwide\" srcset=\"https:\/\/www.iptivi-subscription.com\/wp-content\/uploads\/2020\/08\/Int\u0435r\u0430\u0441tiv\u0435-TV-S\u0435rvi\u0441\u0435\u0455-for-IPTV-1-1024x473.jpg 1024w, https:\/\/www.iptivi-subscription.com\/wp-content\/uploads\/2020\/08\/Int\u0435r\u0430\u0441tiv\u0435-TV-S\u0435rvi\u0441\u0435\u0455-for-IPTV-1-600x277.jpg 600w, https:\/\/www.iptivi-subscription.com\/wp-content\/uploads\/2020\/08\/Int\u0435r\u0430\u0441tiv\u0435-TV-S\u0435rvi\u0441\u0435\u0455-for-IPTV-1-300x138.jpg 300w, https:\/\/www.iptivi-subscription.com\/wp-content\/uploads\/2020\/08\/Int\u0435r\u0430\u0441tiv\u0435-TV-S\u0435rvi\u0441\u0435\u0455-for-IPTV-1-768x354.jpg 768w, https:\/\/www.iptivi-subscription.com\/wp-content\/uploads\/2020\/08\/Int\u0435r\u0430\u0441tiv\u0435-TV-S\u0435rvi\u0441\u0435\u0455-for-IPTV-1-scaled.jpg 1000w\" sizes=\"(max-width: 750px) 100vw, 750px\" \/><\/span><\/p>\n<p><span style=\"color: #000000; font-family: tahoma, arial, helvetica, sans-serif;\">Also, you don&#8217;t need professional or complicated skills to use our <strong><a style=\"color: #000000;\" href=\"https:\/\/www.iptivi-subscription.com\/service\/shop\/\">IPTV service<\/a><\/strong>, once you get your <strong>IPTV subscription<\/strong> details (via Email or Whatsapp), then you will also receive the instructions on how to use it and provide tutorials and assistance for you.<\/span><\/p>\n<p><span style=\"color: #000000; font-family: tahoma, arial, helvetica, sans-serif;\">We certainly offer discounts for our returning users, and also for <a style=\"color: #000000;\" href=\"https:\/\/www.iptivi-subscription.com\/service\/shop\/6-months-best-iptv-provider\/\"><strong>6 &amp; 12 Months subscription plans<\/strong><\/a>, all you have to do to get your discount is to <span style=\"color: #000080;\"><a style=\"color: #000080;\" href=\"http:\/\/iptivi-subscription.com\/contact-us\"><span style=\"text-decoration: underline;\">Contact us<\/span><\/a><\/span>.<\/span><\/p>\n<h5><span style=\"color: #000000;\"><strong><span style=\"text-decoration: underline;\">Support:<\/span><\/strong><\/span><\/h5>\n<p><span style=\"color: #000000;\">If you have any questions\/Issue\/Request,\u00a0Please talk to us\u00a0at\u00a0support@IPTIVI-Subscription.com\u00a0or visit our website\u00a0<strong>IPTIVI-Subscription.com<\/strong>.<\/span><br \/>\n<span style=\"color: #000000;\">You can also chat with a real live human during our operating hours. <span style=\"color: #333399;\"><strong><a style=\"color: #333399;\" href=\"https:\/\/www.telegram.me\/Hybridservices\" rel=\"nofollow noopener\" target=\"_blank\">Telegram<\/a><\/strong><\/span><\/span><br \/>\n<span style=\"color: #000000;\">They can answer questions about your account or help you with your setup.<\/span><\/p>\n<h3><span style=\"text-decoration: underline; font-family: tahoma, arial, helvetica, sans-serif; font-size: 14pt; color: #000000;\">We have the best IPTV LIVE TV provider. Buy low cost &amp; get a Premium IPTV Service.<\/span><\/h3>\n<p><span style=\"color: #000000; font-size: 10pt;\">We assure you will receive your channel&#8217;s playlist in very high quality of image which will also allow you to ensure the good conditioning during a viewing of your favorite matches and events, in addition to the videos on demand in HD or Full HD. Thanks to the Smart IPTV (LIVE TV) application on (smart tv) \/\/ The activation of your subscription is quite simple &amp; remotely with no need of an intervention on your part or technical knowledge, we also suggest some Android application under the name of IPTV Smarters &amp; GSE Smart IPTV which works with a username and password.<\/span><\/p>\n<div style=\"display: none;\">\n<h3><strong>AMAZON PRIME LIGUE 1 IS AVAILABLE ON THE VIP <strong>IPTV Subscription Provider<\/strong><\/strong><\/h3>\n<h2><strong>SUBSCRIPTION THE TELEFOOT CHANNELS, ALREADY AVAILABLE WITH US IPTV Subscription Provider <\/strong><\/h2>\n<h4><strong>IPTV Subscription Provider<\/strong>\u00a0est l\u2019une des meilleure application IPTV. vous donne l\u2019acc\u00e8s au plus de 4500 \u00c9missions de qualit\u00e9 FULL HD 1080p parmi les meilleures du monde, Arabes, Europ\u00e9ennes, Am\u00e9ricains, Africains et Asiatiques. IPTV is one of the best IPTV <strong>IPTV Subscription Provider<\/strong> application. gives you access to more than 4500 FULL HD 1080p quality broadcasts among the best in the world, Arabs, Europeans, Americans, Africans and Asians.<\/h4>\n<p>En plus des s\u00e9ries et des films \u00e0 la demande VOD, rassembl\u00e9s dans une immense biblioth\u00e8que de plus de 5500 films et s\u00e9ries.<\/p>\n<p>IPTV marche sur plusieurs appareils surtout les bo\u00eetiers Android comme (X96 Mini, X96 Max, T95N, X92 etc\u2026) \u00c7a marche aussi pour la smart t\u00e9l\u00e9 Samsung et LG avec l\u2019application smart IPTV.<\/p>\n<p>In addition to series and movies on demand VOD, collected in a huge library of more than 5500 movies and series.<\/p>\n<p>IPTV works on several devices especially Android boxes like (X96 Mini, X96 Max, T95N, X92 etc\u2026) It also works for Samsung and LG smart TV with the smart IPTV application.<\/p>\n<p>Apr\u00e8s avoir confirm\u00e9 votre abonnement<strong>\u00a0IPTV<\/strong><strong>\u00a0<\/strong>. Notre code d\u2019activation est envoy\u00e9 par E-mail, veuillez-vous assurer que votre E-mail est acceptable,<\/p>\n<p>La liste des \u00e9missions et des VOD sont mise \u00e0 jour r\u00e9guli\u00e8rement et gratuitement, cela se produit automatiquement sans aucun changement requis par vous.<\/p>\n<p>After confirming your <strong>IPTV Subscription Provider<\/strong>. Our activation code is sent by E-mail, please make sure your E-mail is acceptable,<\/p>\n<p>The list of shows and VODs are updated regularly and for free, this happens automatically without any changes required by you.<\/p>\n<p>You can also use a VPN application on Android boxes, to avoid blocking your subscription by your internet service provider. Our activation code is sent by e-mail, please ensure that your e-mail is acceptable.<\/p>\n<p>Vous pouvez aussi utiliser une application VPN sur les<\/p>\n<p>&nbsp;<\/p>\n<p>&nbsp;<\/p>\n<p><a href=\"https:\/\/www.iptvfr.shop\/\" rel=\"dofollow noopener\" target=\"_blank\"><strong>box Android<\/strong><\/a>, pour \u00e9viter le blocage de votre abonnement, par votre fournisseur d\u2019acc\u00e8s internet.Notre code d\u2019activation est envoy\u00e9 par E-mail, veuillez-vous assurer que votre E-mail est acceptable.<\/p>\n<p>Nous exp\u00e9dions avant une heure. Si vous ne recevez pas le mot de passe de votre compte avant une heure, veuillez contacter le service client technique apr\u00e8s-vente:\u00a0<strong>Contact : support@iptivi-subscription.com<\/strong><\/p>\n<h3><strong>Pourquoi IPTV Subscription Provider<\/strong><\/h3>\n<p>\u2713 Obtenez plus de 19200+ canaux ordinaires et premium instantan\u00e9ment.<br \/>\n\u2713 Obtenez plus de 51500+ films et \u00e9missions de t\u00e9l\u00e9vision (VOD).<br \/>\n\u2713 La liste des \u00e9missions et des VOD sont mise \u00e0 jour r\u00e9guli\u00e8rement et gratuitement, cela se produit automatiquement sans aucun changement requis par vous\u2026<br \/>\n\u2713 Notre service fonctionne partout dans le monde, O\u00f9 que vous soyez, vous pourrez continuer \u00e0 regarder vos cha\u00eenes pr\u00e9f\u00e9r\u00e9es.<br \/>\n\u2713 Notre \u00e9quipe de support toujours \u00e0 votre service, pour vous assister \u00e0 activ\u00e9 et renouveler votre abonnement \u00e0 tout moment 12h\/24 \u2013 7\/7.<br \/>\n\u2713 Obtenez une garantie de satisfaction \u00e0 100%.<br \/>\n\u2713 Vous obtenez le meilleur prix<\/p>\n<p>Why IPTV<\/p>\n<p>\u2713 Get over 11000+ regular and premium channels instantly.<br \/>\n\u2713 Get over 15500+ Movies &amp; TV Shows (VOD).<br \/>\n\u2713 The list of shows and VODs are updated regularly and for free, this happens automatically without any changes required by you\u2026<br \/>\n\u2713 Our service works anywhere in the world, wherever you are, you can continue watching your favorite channels.<br \/>\n\u2713 Our support team is always at your service, to assist you in activating and renewing your subscription at any time 12h\/24 \u2013 7\/7.<br \/>\n\u2713 Get 100% Satisfaction Guarantee.<br \/>\n\u2713 You get the best price<\/p>\n<p style=\"display: none;\">IPTIVI Subscription is an <strong>IPTV Subscription Provider<\/strong>: which is a set of tools that allows you to access different multimedia application and interactive services such as live HDTV, radio, camera \/ DVD, messaging, EPG (Electronic Program Guide), VOD \/ MOD (Video On Demand \/ Music On Demand), RSS, &#8230;<br \/>\nAmong these applications &amp; tools you will have Smart IPTV, M3U, MAG, Android IPTV, High quality stuffs thanks to the power of our servers. We have over 3000 channels beside of VOD, SD, HD and full HD (LATEST FILMS AND SERIES A DAY), our priority is the performance of our server IPTV to serve you better.<br \/>\nWe have the best offers, buy low cost &amp; cheap premium iptv service.<br \/>\nWe assure you will receive your channels playlist in very high quality of image which will also allow you to ensure the good conditioning during a viewing of your favorite matches and events, in addition to the videos on demand in HD or Full HD. Thanks to the Smart IPTV application on (smart tv) \/\/ The activation of your <strong>IPTV subscription provider<\/strong> is quite simple &amp; remotely with no need of an intervention on your part or technical knowledge, we also suggest some Android application under the name of IPTV Smarters &amp; GSE Smart IPTV which works with a username and password.<\/p>\n<\/div>\n","protected":false},"excerpt":{"rendered":"<ul>\n<li><span style=\"font-size: 10pt; color: #333333;\"><strong>Over +11000 4K, FHD, HD and SD channels<\/strong> and <span style=\"text-decoration: underline;\">more than 30000 VODS<\/span> (LIVE TV, Movies, series, documentaries, children, anime, sports &#8230; etc).<\/span><\/li>\n<li><span style=\"font-size: 10pt; color: #333333;\">Reliable <a style=\"color: #333333;\" href=\"https:\/\/www.iptvpub.com\/i\/shop\/smart-tv-iptv-subscription\/\" rel=\"dofollow\"><strong>IPTV<\/strong> Server<\/a> \/ <a style=\"color: #333333;\" href=\"https:\/\/www.foriptv.com\/s\/product\/samrt-tv-12-months-iptv-subscription-2020\/\" rel=\"dofollow\"><strong>IPTV Subscription<\/strong><\/a>, high availability &amp; no buffering.<\/span><\/li>\n<li><span style=\"font-size: 10pt; color: #333333;\">Available channels: <a style=\"color: #333333;\" href=\"https:\/\/iptvfr.shop\/boutique\/abonnement-iptv-12-mois\/\" rel=\"dofollow\">IPTV <strong>France<\/strong><\/a>, Belgium, Switzerland, Spain, Portugal, Italy, Germany, Netherlands, Arabic, UK, Latino, Turkey, USA, <strong>Canada<\/strong>, Africa, <strong>India, &#8230;<\/strong><\/span><\/li>\n<li><span style=\"font-size: 10pt; color: #333333;\">Compatible with: Samsung &amp; LG SMART TV, Sony, VLC, MAG BOX, <a style=\"color: #333333;\" href=\"https:\/\/www.iptivi-subscription.com\/service\/iptv-amazon-firestick-how-to\/\">FireTV<\/a>, <a style=\"color: #333333;\" href=\"https:\/\/www.iptivi-subscription.com\/service\/iptv-fire-tv-amazon-firestick\/\"><strong>Amazon Firestick<\/strong><\/a>, <a style=\"color: #333333;\" href=\"https:\/\/www.iptvfr.shop\/iptv-smarters-pro-comment-utiliser\/\">Android Box<\/a>, <a style=\"color: #333333;\" href=\"https:\/\/www.iptivi-subscription.com\/service\/android-stb-emu-pro-infomir-stb\/\">STB Emulator<\/a><\/span><\/li>\n<li><span style=\"font-size: 10pt; color: #333333;\">Apps: <a style=\"color: #333333;\" href=\"https:\/\/www.iptivi-subscription.com\/service\/iptv-smarters-pro-free-trial\/\">IPTV Smarters (Pro)<\/a>, <a style=\"color: #333333;\" href=\"https:\/\/www.iptivi-subscription.com\/service\/smart-iptv-dead-net-iptv-alive\/\">NET IPTV<\/a>, <strong><a style=\"color: #333333;\" href=\"https:\/\/www.iptivi-subscription.com\/service\/iptv-on-smart-iptv-schedule\/\">Smart IPTV<\/a>,<\/strong> <a style=\"color: #333333;\" href=\"https:\/\/www.iptivi-subscription.com\/service\/how-to-setup-iptv-extreme\/\">IPTV Extreme<\/a>, <a style=\"color: #333333;\" href=\"https:\/\/www.iptivi-subscription.com\/service\/iptv-sub-gse-smart-iptv-how\/\">GSE Smart IPTV<\/a>, <a style=\"color: #333333;\" href=\"https:\/\/www.iptivi-subscription.com\/service\/shop\/12-months-iptv-subscription-provider-service\/\">Duplex Play<\/a>, <a style=\"color: #333333;\" href=\"https:\/\/www.iptivi-subscription.com\/service\/android-stb-emu-pro-infomir-stb\/\"><strong>STB Emu<\/strong><\/a>, ..<\/span><\/li>\n<li><span style=\"font-size: 10pt; color: #333333;\">Best prices and support 7\/7<\/span><\/li>\n<\/ul>\n<p><img loading=\"lazy\" decoding=\"async\" class=\"alignnone size-full wp-image-2032 aligncenter\" src=\"https:\/\/www.iptivi-subscription.com\/wp-content\/uploads\/2019\/02\/IPTV-Subscription-Pay-with-Paypal-Checkout-Express-Visa-Card-Credit-Card-Debit.jpg\" alt=\"\" width=\"200\" height=\"98\" \/><\/p>\n","protected":false},"featured_media":111,"comment_status":"open","ping_status":"closed","template":"","meta":{"_et_pb_use_builder":"","_et_pb_old_content":"","_et_gb_content_width":"","_monsterinsights_skip_tracking":false,"_monsterinsights_sitenote_active":false,"_monsterinsights_sitenote_note":"","_monsterinsights_sitenote_category":0},"product_brand":[],"product_cat":[16],"product_tag":[],"class_list":{"0":"post-31","1":"product","2":"type-product","3":"status-publish","4":"has-post-thumbnail","6":"product_cat-iptv-subscription","8":"first","9":"instock","10":"sale","11":"virtual","12":"purchasable","13":"product-type-simple"},"_links":{"self":[{"href":"https:\/\/www.iptivi-subscription.com\/service\/wp-json\/wp\/v2\/product\/31","targetHints":{"allow":["GET"]}}],"collection":[{"href":"https:\/\/www.iptivi-subscription.com\/service\/wp-json\/wp\/v2\/product"}],"about":[{"href":"https:\/\/www.iptivi-subscription.com\/service\/wp-json\/wp\/v2\/types\/product"}],"replies":[{"embeddable":true,"href":"https:\/\/www.iptivi-subscription.com\/service\/wp-json\/wp\/v2\/comments?post=31"}],"wp:featuredmedia":[{"embeddable":true,"href":"https:\/\/www.iptivi-subscription.com\/service\/wp-json\/wp\/v2\/media\/111"}],"wp:attachment":[{"href":"https:\/\/www.iptivi-subscription.com\/service\/wp-json\/wp\/v2\/media?parent=31"}],"wp:term":[{"taxonomy":"product_brand","embeddable":true,"href":"https:\/\/www.iptivi-subscription.com\/service\/wp-json\/wp\/v2\/product_brand?post=31"},{"taxonomy":"product_cat","embeddable":true,"href":"https:\/\/www.iptivi-subscription.com\/service\/wp-json\/wp\/v2\/product_cat?post=31"},{"taxonomy":"product_tag","embeddable":true,"href":"https:\/\/www.iptivi-subscription.com\/service\/wp-json\/wp\/v2\/product_tag?post=31"}],"curies":[{"name":"wp","href":"https:\/\/api.w.org\/{rel}","templated":true}]}}